{"id":613,"date":"2024-04-14T14:18:29","date_gmt":"2024-04-14T14:18:29","guid":{"rendered":"https:\/\/agtaxisvalencia.com\/sp\/?page_id=613"},"modified":"2024-12-31T07:44:44","modified_gmt":"2024-12-31T07:44:44","slug":"contacto","status":"publish","type":"page","link":"https:\/\/agtaxisvalencia.com\/sp\/index.php\/contacto","title":{"rendered":"Contacto"},"content":{"rendered":"\n<figure class=\"wp-block-table is-style-stripes\"><table><tbody><tr><td class=\"has-text-align-center\" data-align=\"center\"><img loading=\"lazy\" decoding=\"async\" src=\"https:\/\/agtaxisvalencia.com\/noticiero\/wp-content\/uploads\/2013\/05\/buzon.png\" alt=\"\" width=\"38\" height=\"37\"><\/td><td>Calle de Salvador Perl\u00e9s 6 46017 \u2013 Valencia<\/td><\/tr><tr><td class=\"has-text-align-center\" data-align=\"center\">&nbsp;<img loading=\"lazy\" decoding=\"async\" src=\"https:\/\/agtaxisvalencia.com\/noticiero\/wp-content\/uploads\/2013\/05\/tel.png\" alt=\"\" width=\"54\" height=\"54\"><\/td><td><em><strong>963 570 164<\/strong><\/em><\/td><\/tr><tr><td class=\"has-text-align-center\" data-align=\"center\" colspan=\"4\">&nbsp;<em><strong>Horario<\/strong><\/em> <em><strong>de lunes a jueves:&nbsp;<\/strong><\/em><br><em><strong>ma\u00f1anas de 09:00 h a 14:00 h<\/strong><\/em><br><em><strong>tardes de 16:00 h a 18:00 h<\/strong><\/em><br><strong>viernes :<br>ma\u00f1anas de 09:00 h a 15:00 h<\/strong><\/td><\/tr><tr><td class=\"has-text-align-center\" data-align=\"center\" colspan=\"4\"><strong><em>Horario de verano<\/em><\/strong><br><strong><em>durante&nbsp;julio y agosto el horario ser\u00e1&nbsp;de 09:00 h a 15:00 h <\/em><\/strong><\/td><\/tr><tr><td class=\"has-text-align-center\" data-align=\"center\"><img loading=\"lazy\" decoding=\"async\" class=\"aligncenter\" src=\"https:\/\/agtaxisvalencia.com\/noticiero\/wp-content\/uploads\/2013\/05\/mail.png\" alt=\"\" width=\"38\" height=\"38\"><\/td><td colspan=\"3\">Puedes contactar por nosotros en los siguiente correos electr\u00f3nicos para cada uno de nuestros departamentos.<\/td><\/tr><tr><td class=\"has-text-align-center\" data-align=\"center\">Presidencia<\/td><td colspan=\"3\"><a href=\"mailto:presidencia@agtaxisvalencia.com\" target=\"_blank\" rel=\"noreferrer noopener\">presidencia@agtaxisvalencia.com<\/a><\/td><\/tr><tr><td class=\"has-text-align-center\" data-align=\"center\">Secretario<\/td><td colspan=\"3\"><a href=\"mailto:secretario@agtaxisvalencia.com\">secretario@agtaxisvalencia.com<\/a><\/td><\/tr><tr><td class=\"has-text-align-center\" data-align=\"center\">Tesorero<\/td><td colspan=\"3\"><a href=\"https:\/\/agtaxisvalencia.com\/noticiero\/tesoreria@agtaxisvalencia.com\">tesoreria@agtaxisvalencia.com<\/a><\/td><\/tr><tr><td class=\"has-text-align-center\" data-align=\"center\">Direc. gestor\u00eda<\/td><td><a href=\"mailto:direccion@agtaxisvalencia.com\">direccion@agtaxisvalencia.com<\/a><\/td><\/tr><tr><td class=\"has-text-align-center\" data-align=\"center\">Documentaci\u00f3n<\/td><td colspan=\"3\"><a href=\"mailto:documentacion@agtaxisvalencia.com\">documentacion@agtaxisvalencia.com<\/a><\/td><\/tr><tr><td class=\"has-text-align-center\" data-align=\"center\">Laboral<\/td><td colspan=\"3\"><a href=\"mailto:laboral@agtaxisvalencia.com\">laboral@agtaxisvalencia.com<\/a><\/td><\/tr><tr><td class=\"has-text-align-center\" data-align=\"center\">Tramitaci\u00f3n<\/td><td colspan=\"3\"><a href=\"mailto:direccion@agtaxisvalencia.com\">direccion@agtaxisvalencia.com<\/a><\/td><\/tr><tr><td class=\"has-text-align-center\" data-align=\"center\">Facturaci\u00f3n<\/td><td colspan=\"3\"><a href=\"mailto:facturacion@agtaxisvalencia.com\">facturacion@agtaxisvalencia.com<\/a><\/td><\/tr><tr><td class=\"has-text-align-center\" data-align=\"center\">Formaci\u00f3n<\/td><td colspan=\"3\"><a href=\"mailto:escuela@agtaxisvalencia.com\">escuela@agtaxisvalencia.com<\/a><\/td><\/tr><tr><td class=\"has-text-align-center\" data-align=\"center\">Admin. web<\/td><td colspan=\"3\"><a href=\"mailto:admin@agtaxisvalencia.com\">admin@agtaxisvalencia.com<\/a><\/td><\/tr><\/tbody><\/table><\/figure>\n\n\n<\/p>\n\n\n<div class=\"wp-block-columns is-layout-flex wp-container-core-columns-is-layout-f56f613f wp-block-columns-is-layout-flex\">\n<div class=\"wp-block-column is-layout-flow wp-block-column-is-layout-flow\">\n<iframe loading=\"lazy\" style=\"border: 0;\" src=\"https:\/\/www.google.com\/maps\/embed?pb=!1m18!1m12!1m3!1d457.91111932324674!2d-0.39936042398234045!3d39.459239488761035!2m3!1f0!2f0!3f0!3m2!1i1024!2i768!4f13.1!3m3!1m2!1s0xd604f11645a369b%3A0x88dcd4de29a59ece!2sAsociaci%C3%B3n%20Gremial%20del%20Taxi%20de%20Val%C3%A8ncia!5e0!3m2!1ses!2ses!4v1713263661231!5m2!1ses!2ses\" width=\"400\" height=\"300\" allowfullscreen=\"allowfullscreen\"><\/iframe>\n<\/div>\n<\/div>\n","protected":false},"excerpt":{"rendered":"<p>Calle de Salvador Perl\u00e9s 6 46017 \u2013 Valencia &nbsp; 963 570 164 &nbsp;Horario de lunes a jueves:&nbsp;ma\u00f1anas de 09:00 h a 14:00 htardes de 16:00 h a 18:00 hviernes :ma\u00f1anas de 09:00 h a 15:00 h Horario de veranodurante&nbsp;julio y agosto el horario ser\u00e1&nbsp;de 09:00 h a 15:00 h Puedes contactar por nosotros en los [&hellip;]<\/p>\n","protected":false},"author":1,"featured_media":608,"parent":0,"menu_order":0,"comment_status":"closed","ping_status":"closed","template":"","meta":{"_crdt_document":"","footnotes":""},"class_list":["post-613","page","type-page","status-publish","has-post-thumbnail","hentry"],"_links":{"self":[{"href":"https:\/\/agtaxisvalencia.com\/sp\/index.php\/wp-json\/wp\/v2\/pages\/613","targetHints":{"allow":["GET"]}}],"collection":[{"href":"https:\/\/agtaxisvalencia.com\/sp\/index.php\/wp-json\/wp\/v2\/pages"}],"about":[{"href":"https:\/\/agtaxisvalencia.com\/sp\/index.php\/wp-json\/wp\/v2\/types\/page"}],"author":[{"embeddable":true,"href":"https:\/\/agtaxisvalencia.com\/sp\/index.php\/wp-json\/wp\/v2\/users\/1"}],"replies":[{"embeddable":true,"href":"https:\/\/agtaxisvalencia.com\/sp\/index.php\/wp-json\/wp\/v2\/comments?post=613"}],"version-history":[{"count":19,"href":"https:\/\/agtaxisvalencia.com\/sp\/index.php\/wp-json\/wp\/v2\/pages\/613\/revisions"}],"predecessor-version":[{"id":980,"href":"https:\/\/agtaxisvalencia.com\/sp\/index.php\/wp-json\/wp\/v2\/pages\/613\/revisions\/980"}],"wp:featuredmedia":[{"embeddable":true,"href":"https:\/\/agtaxisvalencia.com\/sp\/index.php\/wp-json\/wp\/v2\/media\/608"}],"wp:attachment":[{"href":"https:\/\/agtaxisvalencia.com\/sp\/index.php\/wp-json\/wp\/v2\/media?parent=613"}],"curies":[{"name":"wp","href":"https:\/\/api.w.org\/{rel}","templated":true}]}}