{"id":512,"date":"2024-03-20T15:39:33","date_gmt":"2024-03-20T15:39:33","guid":{"rendered":"https:\/\/agtaxisvalencia.com\/sp\/?page_id=512"},"modified":"2024-10-07T17:25:57","modified_gmt":"2024-10-07T17:25:57","slug":"podcast-2","status":"publish","type":"page","link":"https:\/\/agtaxisvalencia.com\/sp\/index.php\/podcast-2","title":{"rendered":"Podcast"},"content":{"rendered":"\n<p class=\"wp-block-paragraph\">En este apartado iremos dejando los enlaces a los programas de radio que habitualmente venimos emitiendo<\/p>\n\n\n\n<p class=\"wp-block-paragraph\">Todos los lunes, de 17:00 a 18:30 escucha ?!? A d\u00f3nde vamos ?!?<\/p>\n\n\n\n<p class=\"wp-block-paragraph\">Un programa sobre el taxi en Valencia de la mano de la Asociaci\u00f3n Gremial del Taxi de Valencia.<\/p>\n\n\n\n<p class=\"wp-block-paragraph\">Escuchanos en la 103.9 Fm<\/p>\n\n\n\n<p class=\"wp-block-paragraph\">Tambi\u00e9n el la web <br>www.lajunglavalencia.com por web<\/p>\n\n\n\n<p class=\"wp-block-paragraph\">O puedes descargarte la APP para android o para ios pinchando en vuestra tienda de aplicaciones<\/p>\n\n\n\n<div class=\"wp-block-columns is-layout-flex wp-container-core-columns-is-layout-f56f613f wp-block-columns-is-layout-flex\">\n<div class=\"wp-block-column is-layout-flow wp-block-column-is-layout-flow\">\n<div class=\"wp-block-columns is-layout-flex wp-container-core-columns-is-layout-f56f613f wp-block-columns-is-layout-flex\">\n<div class=\"wp-block-column is-layout-flow wp-block-column-is-layout-flow\">\n<figure class=\"wp-block-image aligncenter size-full is-resized\"><a href=\"https:\/\/play.google.com\/store\/apps\/details?id=com.codewai.radios.maxiradio\"><img loading=\"lazy\" decoding=\"async\" width=\"964\" height=\"317\" src=\"https:\/\/agtaxisvalencia.com\/sp\/wp-content\/uploads\/2024\/10\/googleplay.png\" alt=\"\" class=\"wp-image-871\" style=\"width:200px\" srcset=\"https:\/\/agtaxisvalencia.com\/sp\/wp-content\/uploads\/2024\/10\/googleplay.png 964w, https:\/\/agtaxisvalencia.com\/sp\/wp-content\/uploads\/2024\/10\/googleplay-300x99.png 300w, https:\/\/agtaxisvalencia.com\/sp\/wp-content\/uploads\/2024\/10\/googleplay-768x253.png 768w\" sizes=\"auto, (max-width: 964px) 100vw, 964px\" \/><\/a><\/figure>\n<\/div>\n\n\n\n<div class=\"wp-block-column is-layout-flow wp-block-column-is-layout-flow\">\n<figure class=\"wp-block-image aligncenter size-full is-resized\"><a href=\"https:\/\/apps.apple.com\/es\/app\/la-jungla-radio-valencia\/id6445865909\"><img loading=\"lazy\" decoding=\"async\" width=\"964\" height=\"301\" src=\"https:\/\/agtaxisvalencia.com\/sp\/wp-content\/uploads\/2024\/10\/ios-store.png\" alt=\"\" class=\"wp-image-872\" style=\"width:200px\" srcset=\"https:\/\/agtaxisvalencia.com\/sp\/wp-content\/uploads\/2024\/10\/ios-store.png 964w, https:\/\/agtaxisvalencia.com\/sp\/wp-content\/uploads\/2024\/10\/ios-store-300x94.png 300w, https:\/\/agtaxisvalencia.com\/sp\/wp-content\/uploads\/2024\/10\/ios-store-768x240.png 768w\" sizes=\"auto, (max-width: 964px) 100vw, 964px\" \/><\/a><\/figure>\n<\/div>\n<\/div>\n<\/div>\n<\/div>\n\n\n\n<hr class=\"wp-block-separator has-alpha-channel-opacity is-style-wide\"\/>\n\n\n\n<p class=\"wp-block-paragraph\"><iframe loading=\"lazy\" src=\"https:\/\/www.ivoox.com\/player_es_podcast_1115769_zp_1.html\" width=\"100%\" height=\"400\" frameborder=\"0\" scrolling=\"no\" allowfullscreen=\"allowfullscreen\"><\/iframe><\/p>\n\n\n\n<p class=\"wp-block-paragraph\"><\/p>\n","protected":false},"excerpt":{"rendered":"<p>En este apartado iremos dejando los enlaces a los programas de radio que habitualmente venimos emitiendo Todos los lunes, de 17:00 a 18:30 escucha ?!? A d\u00f3nde vamos ?!? Un programa sobre el taxi en Valencia de la mano de la Asociaci\u00f3n Gremial del Taxi de Valencia. Escuchanos en la 103.9 Fm Tambi\u00e9n el la [&hellip;]<\/p>\n","protected":false},"author":1,"featured_media":874,"parent":0,"menu_order":0,"comment_status":"closed","ping_status":"closed","template":"","meta":{"_crdt_document":"","footnotes":""},"class_list":["post-512","page","type-page","status-publish","has-post-thumbnail","hentry"],"_links":{"self":[{"href":"https:\/\/agtaxisvalencia.com\/sp\/index.php\/wp-json\/wp\/v2\/pages\/512","targetHints":{"allow":["GET"]}}],"collection":[{"href":"https:\/\/agtaxisvalencia.com\/sp\/index.php\/wp-json\/wp\/v2\/pages"}],"about":[{"href":"https:\/\/agtaxisvalencia.com\/sp\/index.php\/wp-json\/wp\/v2\/types\/page"}],"author":[{"embeddable":true,"href":"https:\/\/agtaxisvalencia.com\/sp\/index.php\/wp-json\/wp\/v2\/users\/1"}],"replies":[{"embeddable":true,"href":"https:\/\/agtaxisvalencia.com\/sp\/index.php\/wp-json\/wp\/v2\/comments?post=512"}],"version-history":[{"count":8,"href":"https:\/\/agtaxisvalencia.com\/sp\/index.php\/wp-json\/wp\/v2\/pages\/512\/revisions"}],"predecessor-version":[{"id":873,"href":"https:\/\/agtaxisvalencia.com\/sp\/index.php\/wp-json\/wp\/v2\/pages\/512\/revisions\/873"}],"wp:featuredmedia":[{"embeddable":true,"href":"https:\/\/agtaxisvalencia.com\/sp\/index.php\/wp-json\/wp\/v2\/media\/874"}],"wp:attachment":[{"href":"https:\/\/agtaxisvalencia.com\/sp\/index.php\/wp-json\/wp\/v2\/media?parent=512"}],"curies":[{"name":"wp","href":"https:\/\/api.w.org\/{rel}","templated":true}]}}